{"id":1047,"date":"2022-12-17T15:45:39","date_gmt":"2022-12-17T15:45:39","guid":{"rendered":"https:\/\/www.solexbiene.ch\/?post_type=product&#038;p=1047"},"modified":"2025-02-12T18:03:20","modified_gmt":"2025-02-12T18:03:20","slug":"kabel-vorderbremse-komplett","status":"publish","type":"product","link":"https:\/\/www.solexbiene.ch\/produkt\/kabel-vorderbremse-komplett\/","title":{"rendered":"Kabel Vorderbremse komplett"},"content":{"rendered":"<p><img data-recalc-dims=\"1\" fetchpriority=\"high\" decoding=\"async\" class=\"alignnone size-full wp-image-1049\" src=\"https:\/\/i0.wp.com\/www.solexbiene.ch\/wp-content\/uploads\/2022\/12\/Kabel-Vorderbremse-komplett.jpg?resize=640%2C853&#038;ssl=1\" alt=\"\" width=\"640\" height=\"853\" srcset=\"https:\/\/i0.wp.com\/www.solexbiene.ch\/wp-content\/uploads\/2022\/12\/Kabel-Vorderbremse-komplett.jpg?w=771&amp;ssl=1 771w, https:\/\/i0.wp.com\/www.solexbiene.ch\/wp-content\/uploads\/2022\/12\/Kabel-Vorderbremse-komplett.jpg?resize=600%2C800&amp;ssl=1 600w, https:\/\/i0.wp.com\/www.solexbiene.ch\/wp-content\/uploads\/2022\/12\/Kabel-Vorderbremse-komplett.jpg?resize=225%2C300&amp;ssl=1 225w, https:\/\/i0.wp.com\/www.solexbiene.ch\/wp-content\/uploads\/2022\/12\/Kabel-Vorderbremse-komplett.jpg?resize=768%2C1024&amp;ssl=1 768w\" sizes=\"(max-width: 640px) 100vw, 640px\" \/><\/p>\n","protected":false},"excerpt":{"rendered":"<p>Komplet Set f\u00fcr die Vorderbremse inkl. Kabelendh\u00fclsen<\/p>\n<p>Kabell\u00e4nge ist gut berechnet<\/p>\n","protected":false},"featured_media":1049,"comment_status":"open","ping_status":"closed","template":"","meta":[],"product_brand":[],"product_cat":[37],"product_tag":[],"class_list":{"0":"post-1047","1":"product","2":"type-product","3":"status-publish","4":"has-post-thumbnail","6":"product_cat-kabelzuege","8":"first","9":"instock","10":"shipping-taxable","11":"purchasable","12":"product-type-simple"},"blog_post_layout_featured_media_urls":{"thumbnail":["https:\/\/i0.wp.com\/www.solexbiene.ch\/wp-content\/uploads\/2022\/12\/Kabel-Vorderbremse-komplett.jpg?resize=150%2C150&ssl=1",150,150,true],"full":["https:\/\/i0.wp.com\/www.solexbiene.ch\/wp-content\/uploads\/2022\/12\/Kabel-Vorderbremse-komplett.jpg?fit=771%2C1028&ssl=1",771,1028,false]},"categories":null,"categories_names":null,"comments_number":"0","jetpack-related-posts":[{"id":1050,"url":"https:\/\/www.solexbiene.ch\/produkt\/kabel-hinterbremse-komplett\/","url_meta":{"origin":1047,"position":0},"title":"Kabel Hinterbremse komplett","author":"Marco","date":"Dezember 17, 2022","format":false,"excerpt":"Komplet Set f\u00fcr die Hinterradbremse inkl. Kabelendh\u00fclsen. Die L\u00e4nge reicht gut es hat mehr als es braucht.","rel":"","context":"\u00c4hnlicher Beitrag","block_context":{"text":"\u00c4hnlicher Beitrag","link":""},"img":{"alt_text":"","src":"https:\/\/i0.wp.com\/www.solexbiene.ch\/wp-content\/uploads\/2022\/12\/Kabel-Hinterbremse-komplett.jpg?fit=771%2C1028&ssl=1&resize=350%2C200","width":350,"height":200,"srcset":"https:\/\/i0.wp.com\/www.solexbiene.ch\/wp-content\/uploads\/2022\/12\/Kabel-Hinterbremse-komplett.jpg?fit=771%2C1028&ssl=1&resize=350%2C200 1x, https:\/\/i0.wp.com\/www.solexbiene.ch\/wp-content\/uploads\/2022\/12\/Kabel-Hinterbremse-komplett.jpg?fit=771%2C1028&ssl=1&resize=525%2C300 1.5x, https:\/\/i0.wp.com\/www.solexbiene.ch\/wp-content\/uploads\/2022\/12\/Kabel-Hinterbremse-komplett.jpg?fit=771%2C1028&ssl=1&resize=700%2C400 2x"},"classes":[]},{"id":1201,"url":"https:\/\/www.solexbiene.ch\/produkt\/kabelsatz-komplett-lenker-niedrig\/","url_meta":{"origin":1047,"position":1},"title":"Kabelsatz schwarz komplett Lenker niedrig","author":"Marco","date":"Dezember 25, 2022","format":false,"excerpt":"kompletter Kabelsatz schwarz f\u00fcr den Lenker niedrig Bremsenvorne Bremsen hinten Gaskabel","rel":"","context":"\u00c4hnlicher Beitrag","block_context":{"text":"\u00c4hnlicher Beitrag","link":""},"img":{"alt_text":"","src":"https:\/\/i0.wp.com\/www.solexbiene.ch\/wp-content\/uploads\/2022\/12\/Kabelsatz-niedriger-Lenker.jpg?fit=771%2C1028&ssl=1&resize=350%2C200","width":350,"height":200,"srcset":"https:\/\/i0.wp.com\/www.solexbiene.ch\/wp-content\/uploads\/2022\/12\/Kabelsatz-niedriger-Lenker.jpg?fit=771%2C1028&ssl=1&resize=350%2C200 1x, https:\/\/i0.wp.com\/www.solexbiene.ch\/wp-content\/uploads\/2022\/12\/Kabelsatz-niedriger-Lenker.jpg?fit=771%2C1028&ssl=1&resize=525%2C300 1.5x, https:\/\/i0.wp.com\/www.solexbiene.ch\/wp-content\/uploads\/2022\/12\/Kabelsatz-niedriger-Lenker.jpg?fit=771%2C1028&ssl=1&resize=700%2C400 2x"},"classes":[]},{"id":1493,"url":"https:\/\/www.solexbiene.ch\/produkt\/kabelsatz-schwarz-lenker-hoch\/","url_meta":{"origin":1047,"position":2},"title":"Kabelsatz schwarz Lenker hoch","author":"Marco","date":"Januar 11, 2023","format":false,"excerpt":"kompletter Kabelsatz schwarz f\u00fcr den hohen Lenker Bremsenvorne Bremsen hinten Gaskabel Dekokabel","rel":"","context":"\u00c4hnlicher Beitrag","block_context":{"text":"\u00c4hnlicher Beitrag","link":""},"img":{"alt_text":"","src":"https:\/\/i0.wp.com\/www.solexbiene.ch\/wp-content\/uploads\/2022\/12\/Kabelsatz-Lenker-hoch-scaled.jpg?fit=900%2C1200&ssl=1&resize=350%2C200","width":350,"height":200,"srcset":"https:\/\/i0.wp.com\/www.solexbiene.ch\/wp-content\/uploads\/2022\/12\/Kabelsatz-Lenker-hoch-scaled.jpg?fit=900%2C1200&ssl=1&resize=350%2C200 1x, https:\/\/i0.wp.com\/www.solexbiene.ch\/wp-content\/uploads\/2022\/12\/Kabelsatz-Lenker-hoch-scaled.jpg?fit=900%2C1200&ssl=1&resize=525%2C300 1.5x, https:\/\/i0.wp.com\/www.solexbiene.ch\/wp-content\/uploads\/2022\/12\/Kabelsatz-Lenker-hoch-scaled.jpg?fit=900%2C1200&ssl=1&resize=700%2C400 2x"},"classes":[]},{"id":1867,"url":"https:\/\/www.solexbiene.ch\/produkt\/kabelsatz-grau-hoher-lenker-3800\/","url_meta":{"origin":1047,"position":3},"title":"Kabelsatz grau hoher Lenker 3800","author":"Michael Waehli","date":"Juni 15, 2023","format":false,"excerpt":"kompletter Kabelsatz grau f\u00fcr den hohen Lenker 3800 Bremsenvorne Bremsen hinten Gaskabel Dekokabel","rel":"","context":"Mit 1 Kommentar","block_context":{"text":"Mit 1 Kommentar","link":"https:\/\/www.solexbiene.ch\/produkt\/kabelsatz-grau-hoher-lenker-3800\/#comments"},"img":{"alt_text":"","src":"https:\/\/i0.wp.com\/www.solexbiene.ch\/wp-content\/uploads\/2023\/06\/img_6595-scaled.jpeg?fit=900%2C1200&ssl=1&resize=350%2C200","width":350,"height":200,"srcset":"https:\/\/i0.wp.com\/www.solexbiene.ch\/wp-content\/uploads\/2023\/06\/img_6595-scaled.jpeg?fit=900%2C1200&ssl=1&resize=350%2C200 1x, https:\/\/i0.wp.com\/www.solexbiene.ch\/wp-content\/uploads\/2023\/06\/img_6595-scaled.jpeg?fit=900%2C1200&ssl=1&resize=525%2C300 1.5x, https:\/\/i0.wp.com\/www.solexbiene.ch\/wp-content\/uploads\/2023\/06\/img_6595-scaled.jpeg?fit=900%2C1200&ssl=1&resize=700%2C400 2x"},"classes":[]},{"id":684,"url":"https:\/\/www.solexbiene.ch\/produkt\/bremskabel\/","url_meta":{"origin":1047,"position":4},"title":"Bremskabel","author":"Marco","date":"Dezember 13, 2022","format":false,"excerpt":"Bremskabel f\u00fcr Vorder- und Hinterbremse","rel":"","context":"\u00c4hnlicher Beitrag","block_context":{"text":"\u00c4hnlicher Beitrag","link":""},"img":{"alt_text":"","src":"https:\/\/i0.wp.com\/www.solexbiene.ch\/wp-content\/uploads\/2022\/12\/Kabel-scaled.jpg?fit=900%2C1200&ssl=1&resize=350%2C200","width":350,"height":200,"srcset":"https:\/\/i0.wp.com\/www.solexbiene.ch\/wp-content\/uploads\/2022\/12\/Kabel-scaled.jpg?fit=900%2C1200&ssl=1&resize=350%2C200 1x, https:\/\/i0.wp.com\/www.solexbiene.ch\/wp-content\/uploads\/2022\/12\/Kabel-scaled.jpg?fit=900%2C1200&ssl=1&resize=525%2C300 1.5x, https:\/\/i0.wp.com\/www.solexbiene.ch\/wp-content\/uploads\/2022\/12\/Kabel-scaled.jpg?fit=900%2C1200&ssl=1&resize=700%2C400 2x"},"classes":[]},{"id":1440,"url":"https:\/\/www.solexbiene.ch\/produkt\/kabelendhuelse\/","url_meta":{"origin":1047,"position":5},"title":"Kabelendh\u00fclse","author":"Marco","date":"Januar 2, 2023","format":false,"excerpt":"Kabelendh\u00fclse damit die Kabelenden nicht ausfrasen","rel":"","context":"\u00c4hnlicher Beitrag","block_context":{"text":"\u00c4hnlicher Beitrag","link":""},"img":{"alt_text":"","src":"https:\/\/i0.wp.com\/www.solexbiene.ch\/wp-content\/uploads\/2023\/01\/Quetschhuelse-scaled.jpg?fit=900%2C1200&ssl=1&resize=350%2C200","width":350,"height":200,"srcset":"https:\/\/i0.wp.com\/www.solexbiene.ch\/wp-content\/uploads\/2023\/01\/Quetschhuelse-scaled.jpg?fit=900%2C1200&ssl=1&resize=350%2C200 1x, https:\/\/i0.wp.com\/www.solexbiene.ch\/wp-content\/uploads\/2023\/01\/Quetschhuelse-scaled.jpg?fit=900%2C1200&ssl=1&resize=525%2C300 1.5x, https:\/\/i0.wp.com\/www.solexbiene.ch\/wp-content\/uploads\/2023\/01\/Quetschhuelse-scaled.jpg?fit=900%2C1200&ssl=1&resize=700%2C400 2x"},"classes":[]}],"jetpack_sharing_enabled":true,"_links":{"self":[{"href":"https:\/\/www.solexbiene.ch\/wp-json\/wp\/v2\/product\/1047","targetHints":{"allow":["GET"]}}],"collection":[{"href":"https:\/\/www.solexbiene.ch\/wp-json\/wp\/v2\/product"}],"about":[{"href":"https:\/\/www.solexbiene.ch\/wp-json\/wp\/v2\/types\/product"}],"replies":[{"embeddable":true,"href":"https:\/\/www.solexbiene.ch\/wp-json\/wp\/v2\/comments?post=1047"}],"wp:featuredmedia":[{"embeddable":true,"href":"https:\/\/www.solexbiene.ch\/wp-json\/wp\/v2\/media\/1049"}],"wp:attachment":[{"href":"https:\/\/www.solexbiene.ch\/wp-json\/wp\/v2\/media?parent=1047"}],"wp:term":[{"taxonomy":"product_brand","embeddable":true,"href":"https:\/\/www.solexbiene.ch\/wp-json\/wp\/v2\/product_brand?post=1047"},{"taxonomy":"product_cat","embeddable":true,"href":"https:\/\/www.solexbiene.ch\/wp-json\/wp\/v2\/product_cat?post=1047"},{"taxonomy":"product_tag","embeddable":true,"href":"https:\/\/www.solexbiene.ch\/wp-json\/wp\/v2\/product_tag?post=1047"}],"curies":[{"name":"wp","href":"https:\/\/api.w.org\/{rel}","templated":true}]}}