{"id":1165,"date":"2022-12-24T19:07:04","date_gmt":"2022-12-24T19:07:04","guid":{"rendered":"https:\/\/www.solexbiene.ch\/?product=ventilsitzfraeser"},"modified":"2023-04-18T07:49:46","modified_gmt":"2023-04-18T07:49:46","slug":"ventilsitzfraeser","status":"publish","type":"product","link":"https:\/\/www.solexbiene.ch\/produkt\/ventilsitzfraeser\/","title":{"rendered":"Ventilsitzfr\u00e4ser"},"content":{"rendered":"","protected":false},"excerpt":{"rendered":"<p>Ventilsitzfr\u00e4ser f\u00fcr das Dekoventil anschliessend nur noch ein bisschen einschleiffen mit Paste oder Zahnpasta \ud83d\ude42 und das Dekoventil ist dicht.<\/p>\n","protected":false},"featured_media":1164,"comment_status":"open","ping_status":"closed","template":"","meta":[],"product_brand":[],"product_cat":[45],"product_tag":[],"class_list":{"0":"post-1165","1":"product","2":"type-product","3":"status-publish","4":"has-post-thumbnail","6":"product_cat-werkzeug-kleber","8":"first","9":"instock","10":"shipping-taxable","11":"purchasable","12":"product-type-simple"},"blog_post_layout_featured_media_urls":{"thumbnail":["https:\/\/i0.wp.com\/www.solexbiene.ch\/wp-content\/uploads\/2022\/12\/img_5970.jpeg?resize=150%2C150&ssl=1",150,150,true],"full":["https:\/\/i0.wp.com\/www.solexbiene.ch\/wp-content\/uploads\/2022\/12\/img_5970.jpeg?fit=480%2C640&ssl=1",480,640,false]},"categories":null,"categories_names":null,"comments_number":"0","jetpack-related-posts":[{"id":1308,"url":"https:\/\/www.solexbiene.ch\/produkt\/ventilheber-feder\/","url_meta":{"origin":1165,"position":0},"title":"Ventilheber Feder","author":"Marco","date":"Dezember 29, 2022","format":false,"excerpt":"Ventilheber Feder zur Fixierung des Ventilhebers","rel":"","context":"\u00c4hnlicher Beitrag","block_context":{"text":"\u00c4hnlicher Beitrag","link":""},"img":{"alt_text":"","src":"https:\/\/i0.wp.com\/www.solexbiene.ch\/wp-content\/uploads\/2022\/12\/Feder-Ventilheber-scaled.jpg?fit=900%2C1200&ssl=1&resize=350%2C200","width":350,"height":200,"srcset":"https:\/\/i0.wp.com\/www.solexbiene.ch\/wp-content\/uploads\/2022\/12\/Feder-Ventilheber-scaled.jpg?fit=900%2C1200&ssl=1&resize=350%2C200 1x, https:\/\/i0.wp.com\/www.solexbiene.ch\/wp-content\/uploads\/2022\/12\/Feder-Ventilheber-scaled.jpg?fit=900%2C1200&ssl=1&resize=525%2C300 1.5x, https:\/\/i0.wp.com\/www.solexbiene.ch\/wp-content\/uploads\/2022\/12\/Feder-Ventilheber-scaled.jpg?fit=900%2C1200&ssl=1&resize=700%2C400 2x"},"classes":[]},{"id":2277,"url":"https:\/\/www.solexbiene.ch\/produkt\/ventildeckel\/","url_meta":{"origin":1165,"position":1},"title":"Ventildeckel","author":"Michael Waehli","date":"Februar 9, 2024","format":false,"excerpt":"Ventildeckel f\u00fcr das Autoventil aus Aluminium","rel":"","context":"\u00c4hnlicher Beitrag","block_context":{"text":"\u00c4hnlicher Beitrag","link":""},"img":{"alt_text":"","src":"https:\/\/i0.wp.com\/www.solexbiene.ch\/wp-content\/uploads\/2024\/02\/img_7399-scaled.jpeg?fit=900%2C1200&ssl=1&resize=350%2C200","width":350,"height":200,"srcset":"https:\/\/i0.wp.com\/www.solexbiene.ch\/wp-content\/uploads\/2024\/02\/img_7399-scaled.jpeg?fit=900%2C1200&ssl=1&resize=350%2C200 1x, https:\/\/i0.wp.com\/www.solexbiene.ch\/wp-content\/uploads\/2024\/02\/img_7399-scaled.jpeg?fit=900%2C1200&ssl=1&resize=525%2C300 1.5x, https:\/\/i0.wp.com\/www.solexbiene.ch\/wp-content\/uploads\/2024\/02\/img_7399-scaled.jpeg?fit=900%2C1200&ssl=1&resize=700%2C400 2x"},"classes":[]},{"id":1309,"url":"https:\/\/www.solexbiene.ch\/produkt\/ventilheber-bruecke\/","url_meta":{"origin":1165,"position":2},"title":"Ventilheber Br\u00fccke","author":"Marco","date":"Dezember 29, 2022","format":false,"excerpt":"Ventilheber Br\u00fccke dient als Verbindung zum dr\u00fccken des Dekoventils","rel":"","context":"\u00c4hnlicher Beitrag","block_context":{"text":"\u00c4hnlicher Beitrag","link":""},"img":{"alt_text":"","src":"https:\/\/i0.wp.com\/www.solexbiene.ch\/wp-content\/uploads\/2022\/12\/Bruecke-Ventilheber-scaled.jpg?fit=900%2C1200&ssl=1&resize=350%2C200","width":350,"height":200,"srcset":"https:\/\/i0.wp.com\/www.solexbiene.ch\/wp-content\/uploads\/2022\/12\/Bruecke-Ventilheber-scaled.jpg?fit=900%2C1200&ssl=1&resize=350%2C200 1x, https:\/\/i0.wp.com\/www.solexbiene.ch\/wp-content\/uploads\/2022\/12\/Bruecke-Ventilheber-scaled.jpg?fit=900%2C1200&ssl=1&resize=525%2C300 1.5x, https:\/\/i0.wp.com\/www.solexbiene.ch\/wp-content\/uploads\/2022\/12\/Bruecke-Ventilheber-scaled.jpg?fit=900%2C1200&ssl=1&resize=700%2C400 2x"},"classes":[]},{"id":1307,"url":"https:\/\/www.solexbiene.ch\/produkt\/ventilheber-daumengas\/","url_meta":{"origin":1165,"position":3},"title":"Ventilheber Daumengas","author":"Marco","date":"Dezember 29, 2022","format":false,"excerpt":"Ventilheber f\u00fcr die Modelle mit Daumengas.","rel":"","context":"\u00c4hnlicher Beitrag","block_context":{"text":"\u00c4hnlicher Beitrag","link":""},"img":{"alt_text":"","src":"https:\/\/i0.wp.com\/www.solexbiene.ch\/wp-content\/uploads\/2022\/12\/Hebel-Ventilheber-scaled.jpg?fit=900%2C1200&ssl=1&resize=350%2C200","width":350,"height":200,"srcset":"https:\/\/i0.wp.com\/www.solexbiene.ch\/wp-content\/uploads\/2022\/12\/Hebel-Ventilheber-scaled.jpg?fit=900%2C1200&ssl=1&resize=350%2C200 1x, https:\/\/i0.wp.com\/www.solexbiene.ch\/wp-content\/uploads\/2022\/12\/Hebel-Ventilheber-scaled.jpg?fit=900%2C1200&ssl=1&resize=525%2C300 1.5x, https:\/\/i0.wp.com\/www.solexbiene.ch\/wp-content\/uploads\/2022\/12\/Hebel-Ventilheber-scaled.jpg?fit=900%2C1200&ssl=1&resize=700%2C400 2x"},"classes":[]},{"id":1215,"url":"https:\/\/www.solexbiene.ch\/produkt\/ventilheber-fuer-kabelzug\/","url_meta":{"origin":1165,"position":4},"title":"Ventilheber f\u00fcr Kabelzug","author":"Marco","date":"Dezember 25, 2022","format":false,"excerpt":"Ventilheber f\u00fcr Kabelzug","rel":"","context":"\u00c4hnlicher Beitrag","block_context":{"text":"\u00c4hnlicher Beitrag","link":""},"img":{"alt_text":"","src":"https:\/\/i0.wp.com\/www.solexbiene.ch\/wp-content\/uploads\/2022\/12\/Ventilheber-mit-Kabel.jpg?resize=350%2C200&ssl=1","width":350,"height":200,"srcset":"https:\/\/i0.wp.com\/www.solexbiene.ch\/wp-content\/uploads\/2022\/12\/Ventilheber-mit-Kabel.jpg?resize=350%2C200&ssl=1 1x, https:\/\/i0.wp.com\/www.solexbiene.ch\/wp-content\/uploads\/2022\/12\/Ventilheber-mit-Kabel.jpg?resize=525%2C300&ssl=1 1.5x, https:\/\/i0.wp.com\/www.solexbiene.ch\/wp-content\/uploads\/2022\/12\/Ventilheber-mit-Kabel.jpg?resize=700%2C400&ssl=1 2x"},"classes":[]},{"id":1216,"url":"https:\/\/www.solexbiene.ch\/produkt\/ventilheber-fuer-speichenzug\/","url_meta":{"origin":1165,"position":5},"title":"Ventilheber f\u00fcr Speichenzug","author":"Marco","date":"Dezember 25, 2022","format":false,"excerpt":"Ventilheber f\u00fcr Speichenzug","rel":"","context":"\u00c4hnlicher Beitrag","block_context":{"text":"\u00c4hnlicher Beitrag","link":""},"img":{"alt_text":"","src":"https:\/\/i0.wp.com\/www.solexbiene.ch\/wp-content\/uploads\/2022\/12\/Ventilheber-Speichenzug.jpg?resize=350%2C200&ssl=1","width":350,"height":200,"srcset":"https:\/\/i0.wp.com\/www.solexbiene.ch\/wp-content\/uploads\/2022\/12\/Ventilheber-Speichenzug.jpg?resize=350%2C200&ssl=1 1x, https:\/\/i0.wp.com\/www.solexbiene.ch\/wp-content\/uploads\/2022\/12\/Ventilheber-Speichenzug.jpg?resize=525%2C300&ssl=1 1.5x, https:\/\/i0.wp.com\/www.solexbiene.ch\/wp-content\/uploads\/2022\/12\/Ventilheber-Speichenzug.jpg?resize=700%2C400&ssl=1 2x"},"classes":[]}],"jetpack_sharing_enabled":true,"_links":{"self":[{"href":"https:\/\/www.solexbiene.ch\/wp-json\/wp\/v2\/product\/1165","targetHints":{"allow":["GET"]}}],"collection":[{"href":"https:\/\/www.solexbiene.ch\/wp-json\/wp\/v2\/product"}],"about":[{"href":"https:\/\/www.solexbiene.ch\/wp-json\/wp\/v2\/types\/product"}],"replies":[{"embeddable":true,"href":"https:\/\/www.solexbiene.ch\/wp-json\/wp\/v2\/comments?post=1165"}],"wp:featuredmedia":[{"embeddable":true,"href":"https:\/\/www.solexbiene.ch\/wp-json\/wp\/v2\/media\/1164"}],"wp:attachment":[{"href":"https:\/\/www.solexbiene.ch\/wp-json\/wp\/v2\/media?parent=1165"}],"wp:term":[{"taxonomy":"product_brand","embeddable":true,"href":"https:\/\/www.solexbiene.ch\/wp-json\/wp\/v2\/product_brand?post=1165"},{"taxonomy":"product_cat","embeddable":true,"href":"https:\/\/www.solexbiene.ch\/wp-json\/wp\/v2\/product_cat?post=1165"},{"taxonomy":"product_tag","embeddable":true,"href":"https:\/\/www.solexbiene.ch\/wp-json\/wp\/v2\/product_tag?post=1165"}],"curies":[{"name":"wp","href":"https:\/\/api.w.org\/{rel}","templated":true}]}}