{"id":1182,"date":"2022-12-25T09:25:51","date_gmt":"2022-12-25T09:25:51","guid":{"rendered":"https:\/\/www.solexbiene.ch\/?post_type=product&#038;p=1182"},"modified":"2025-09-22T15:00:36","modified_gmt":"2025-09-22T15:00:36","slug":"kleber-luftfiltergehaeuse-2200","status":"publish","type":"product","link":"https:\/\/www.solexbiene.ch\/produkt\/kleber-luftfiltergehaeuse-2200\/","title":{"rendered":"Kleber Luftfiltergeh\u00e4use 2200"},"content":{"rendered":"<p><img data-recalc-dims=\"1\" fetchpriority=\"high\" decoding=\"async\" class=\"alignnone size-full wp-image-1166\" src=\"https:\/\/i0.wp.com\/www.solexbiene.ch\/wp-content\/uploads\/2022\/12\/Kleber-Luftfiltergehaeuse-2200-rotated.jpg?resize=480%2C640&#038;ssl=1\" alt=\"\" width=\"480\" height=\"640\" srcset=\"https:\/\/i0.wp.com\/www.solexbiene.ch\/wp-content\/uploads\/2022\/12\/Kleber-Luftfiltergehaeuse-2200-rotated.jpg?w=480&amp;ssl=1 480w, https:\/\/i0.wp.com\/www.solexbiene.ch\/wp-content\/uploads\/2022\/12\/Kleber-Luftfiltergehaeuse-2200-rotated.jpg?resize=225%2C300&amp;ssl=1 225w\" sizes=\"(max-width: 480px) 100vw, 480px\" \/>Klbe<\/p>\n","protected":false},"excerpt":{"rendered":"<p>Klbe<\/p>\n","protected":false},"featured_media":1166,"comment_status":"open","ping_status":"closed","template":"","meta":[],"product_brand":[],"product_cat":[45],"product_tag":[],"class_list":{"0":"post-1182","1":"product","2":"type-product","3":"status-publish","4":"has-post-thumbnail","6":"product_cat-werkzeug-kleber","8":"first","9":"instock","10":"shipping-taxable","11":"purchasable","12":"product-type-simple"},"blog_post_layout_featured_media_urls":{"thumbnail":["https:\/\/i0.wp.com\/www.solexbiene.ch\/wp-content\/uploads\/2022\/12\/Kleber-Luftfiltergehaeuse-2200-rotated.jpg?resize=150%2C150&ssl=1",150,150,true],"full":["https:\/\/i0.wp.com\/www.solexbiene.ch\/wp-content\/uploads\/2022\/12\/Kleber-Luftfiltergehaeuse-2200-rotated.jpg?fit=480%2C640&ssl=1",480,640,false]},"categories":null,"categories_names":null,"comments_number":"0","jetpack-related-posts":[{"id":1777,"url":"https:\/\/www.solexbiene.ch\/produkt\/blechtank-1700-2200\/","url_meta":{"origin":1182,"position":0},"title":"Blechtank 1700 \/ 2200","author":"Michael Waehli","date":"Mai 10, 2023","format":false,"excerpt":"Dieser Blechtank wurde neu hergestellt. S\u00e4mtliche Anschl\u00fcsse vorhanden. Tank wird ohne Filter geliefert.","rel":"","context":"Mit 1 Kommentar","block_context":{"text":"Mit 1 Kommentar","link":"https:\/\/www.solexbiene.ch\/produkt\/blechtank-1700-2200\/#comments"},"img":{"alt_text":"","src":"https:\/\/i0.wp.com\/www.solexbiene.ch\/wp-content\/uploads\/2023\/05\/img_6471-scaled.jpeg?fit=900%2C1200&ssl=1&resize=350%2C200","width":350,"height":200,"srcset":"https:\/\/i0.wp.com\/www.solexbiene.ch\/wp-content\/uploads\/2023\/05\/img_6471-scaled.jpeg?fit=900%2C1200&ssl=1&resize=350%2C200 1x, https:\/\/i0.wp.com\/www.solexbiene.ch\/wp-content\/uploads\/2023\/05\/img_6471-scaled.jpeg?fit=900%2C1200&ssl=1&resize=525%2C300 1.5x, https:\/\/i0.wp.com\/www.solexbiene.ch\/wp-content\/uploads\/2023\/05\/img_6471-scaled.jpeg?fit=900%2C1200&ssl=1&resize=700%2C400 2x"},"classes":[]},{"id":2033,"url":"https:\/\/www.solexbiene.ch\/produkt\/blechtank-1700-2200-2\/","url_meta":{"origin":1182,"position":1},"title":"Blechtank 3300","author":"Michael Waehli","date":"September 8, 2023","format":false,"excerpt":"Dieser Blechtank wurde neu hergestellt. S\u00e4mtliche Anschl\u00fcsse vorhanden. Tankanschluss ist direkt an die Benzinpumpe mit dem passenden Gewinde. Tank wird ohne Filter geliefert.","rel":"","context":"\u00c4hnlicher Beitrag","block_context":{"text":"\u00c4hnlicher Beitrag","link":""},"img":{"alt_text":"","src":"https:\/\/i0.wp.com\/www.solexbiene.ch\/wp-content\/uploads\/2023\/09\/img_6864-scaled.jpeg?fit=900%2C1200&ssl=1&resize=350%2C200","width":350,"height":200,"srcset":"https:\/\/i0.wp.com\/www.solexbiene.ch\/wp-content\/uploads\/2023\/09\/img_6864-scaled.jpeg?fit=900%2C1200&ssl=1&resize=350%2C200 1x, https:\/\/i0.wp.com\/www.solexbiene.ch\/wp-content\/uploads\/2023\/09\/img_6864-scaled.jpeg?fit=900%2C1200&ssl=1&resize=525%2C300 1.5x, https:\/\/i0.wp.com\/www.solexbiene.ch\/wp-content\/uploads\/2023\/09\/img_6864-scaled.jpeg?fit=900%2C1200&ssl=1&resize=700%2C400 2x"},"classes":[]},{"id":1207,"url":"https:\/\/www.solexbiene.ch\/produkt\/luftfilterghaeuse\/","url_meta":{"origin":1182,"position":2},"title":"Luftfiltergh\u00e4use","author":"Marco","date":"Dezember 25, 2022","format":false,"excerpt":"Luftfiltergeh\u00e4use passend zum 2200, 3300, 3800 und 5000","rel":"","context":"\u00c4hnlicher Beitrag","block_context":{"text":"\u00c4hnlicher Beitrag","link":""},"img":{"alt_text":"","src":"https:\/\/i0.wp.com\/www.solexbiene.ch\/wp-content\/uploads\/2022\/12\/Luftfiltergehaeuse.jpg?resize=350%2C200&ssl=1","width":350,"height":200,"srcset":"https:\/\/i0.wp.com\/www.solexbiene.ch\/wp-content\/uploads\/2022\/12\/Luftfiltergehaeuse.jpg?resize=350%2C200&ssl=1 1x, https:\/\/i0.wp.com\/www.solexbiene.ch\/wp-content\/uploads\/2022\/12\/Luftfiltergehaeuse.jpg?resize=525%2C300&ssl=1 1.5x, https:\/\/i0.wp.com\/www.solexbiene.ch\/wp-content\/uploads\/2022\/12\/Luftfiltergehaeuse.jpg?resize=700%2C400&ssl=1 2x"},"classes":[]},{"id":1130,"url":"https:\/\/www.solexbiene.ch\/produkt\/kleber-luftfiltergehaeuse\/","url_meta":{"origin":1182,"position":3},"title":"Kleber Luftfiltergeh\u00e4use","author":"Michael Waehli","date":"Dezember 20, 2022","format":false,"excerpt":"Kleber f\u00fcr das Luftfiltergeh\u00e4use","rel":"","context":"\u00c4hnlicher Beitrag","block_context":{"text":"\u00c4hnlicher Beitrag","link":""},"img":{"alt_text":"","src":"https:\/\/i0.wp.com\/www.solexbiene.ch\/wp-content\/uploads\/2022\/12\/Kleber-Luftfiltergehaeuse-e1672772103528.jpg?fit=480%2C640&ssl=1&resize=350%2C200","width":350,"height":200},"classes":[]},{"id":1306,"url":"https:\/\/www.solexbiene.ch\/produkt\/luftduese-grosses-loch\/","url_meta":{"origin":1182,"position":4},"title":"Luftd\u00fcse grosses Loch","author":"Marco","date":"Dezember 29, 2022","format":false,"excerpt":"Luftd\u00fcse mit grossem Loch f\u00fcr die \u00e4lteren Modelle wie 1700 und 2200","rel":"","context":"\u00c4hnlicher Beitrag","block_context":{"text":"\u00c4hnlicher Beitrag","link":""},"img":{"alt_text":"","src":"https:\/\/i0.wp.com\/www.solexbiene.ch\/wp-content\/uploads\/2022\/12\/Luftduese-grosses-Loch-scaled.jpg?fit=900%2C1200&ssl=1&resize=350%2C200","width":350,"height":200,"srcset":"https:\/\/i0.wp.com\/www.solexbiene.ch\/wp-content\/uploads\/2022\/12\/Luftduese-grosses-Loch-scaled.jpg?fit=900%2C1200&ssl=1&resize=350%2C200 1x, https:\/\/i0.wp.com\/www.solexbiene.ch\/wp-content\/uploads\/2022\/12\/Luftduese-grosses-Loch-scaled.jpg?fit=900%2C1200&ssl=1&resize=525%2C300 1.5x, https:\/\/i0.wp.com\/www.solexbiene.ch\/wp-content\/uploads\/2022\/12\/Luftduese-grosses-Loch-scaled.jpg?fit=900%2C1200&ssl=1&resize=700%2C400 2x"},"classes":[]},{"id":1180,"url":"https:\/\/www.solexbiene.ch\/produkt\/kleber-luftfiltergehaeuse-1700\/","url_meta":{"origin":1182,"position":5},"title":"Kleber Luftfiltergeh\u00e4use 1700","author":"Marco","date":"Dezember 25, 2022","format":false,"excerpt":"","rel":"","context":"\u00c4hnlicher Beitrag","block_context":{"text":"\u00c4hnlicher Beitrag","link":""},"img":{"alt_text":"","src":"https:\/\/i0.wp.com\/www.solexbiene.ch\/wp-content\/uploads\/2022\/12\/Kleber-Luftfilterghaeuse-1700-rotated.jpg?fit=480%2C640&ssl=1&resize=350%2C200","width":350,"height":200},"classes":[]}],"jetpack_sharing_enabled":true,"_links":{"self":[{"href":"https:\/\/www.solexbiene.ch\/wp-json\/wp\/v2\/product\/1182","targetHints":{"allow":["GET"]}}],"collection":[{"href":"https:\/\/www.solexbiene.ch\/wp-json\/wp\/v2\/product"}],"about":[{"href":"https:\/\/www.solexbiene.ch\/wp-json\/wp\/v2\/types\/product"}],"replies":[{"embeddable":true,"href":"https:\/\/www.solexbiene.ch\/wp-json\/wp\/v2\/comments?post=1182"}],"wp:featuredmedia":[{"embeddable":true,"href":"https:\/\/www.solexbiene.ch\/wp-json\/wp\/v2\/media\/1166"}],"wp:attachment":[{"href":"https:\/\/www.solexbiene.ch\/wp-json\/wp\/v2\/media?parent=1182"}],"wp:term":[{"taxonomy":"product_brand","embeddable":true,"href":"https:\/\/www.solexbiene.ch\/wp-json\/wp\/v2\/product_brand?post=1182"},{"taxonomy":"product_cat","embeddable":true,"href":"https:\/\/www.solexbiene.ch\/wp-json\/wp\/v2\/product_cat?post=1182"},{"taxonomy":"product_tag","embeddable":true,"href":"https:\/\/www.solexbiene.ch\/wp-json\/wp\/v2\/product_tag?post=1182"}],"curies":[{"name":"wp","href":"https:\/\/api.w.org\/{rel}","templated":true}]}}