{"id":1431,"date":"2023-01-02T10:50:12","date_gmt":"2023-01-02T10:50:12","guid":{"rendered":"https:\/\/www.solexbiene.ch\/?post_type=product&#038;p=1431"},"modified":"2025-03-26T16:44:49","modified_gmt":"2025-03-26T16:44:49","slug":"dekohebel-kabelzug","status":"publish","type":"product","link":"https:\/\/www.solexbiene.ch\/produkt\/dekohebel-kabelzug\/","title":{"rendered":"Dekohebel Kabelzug"},"content":{"rendered":"","protected":false},"excerpt":{"rendered":"","protected":false},"featured_media":1424,"comment_status":"open","ping_status":"closed","template":"","meta":[],"product_brand":[],"product_cat":[38],"product_tag":[],"class_list":{"0":"post-1431","1":"product","2":"type-product","3":"status-publish","4":"has-post-thumbnail","6":"product_cat-lenker","8":"first","9":"instock","10":"shipping-taxable","11":"purchasable","12":"product-type-simple"},"blog_post_layout_featured_media_urls":{"thumbnail":["https:\/\/i0.wp.com\/www.solexbiene.ch\/wp-content\/uploads\/2022\/12\/Dekohebel-Kabelzug-scaled.jpg?resize=150%2C150&ssl=1",150,150,true],"full":["https:\/\/i0.wp.com\/www.solexbiene.ch\/wp-content\/uploads\/2022\/12\/Dekohebel-Kabelzug-scaled.jpg?fit=1920%2C2560&ssl=1",1920,2560,false]},"categories":null,"categories_names":null,"comments_number":"0","jetpack-related-posts":[{"id":1008,"url":"https:\/\/www.solexbiene.ch\/produkt\/dekohebel\/","url_meta":{"origin":1431,"position":0},"title":"Dekohebel","author":"Michael Waehli","date":"Dezember 15, 2022","format":false,"excerpt":"Dekohebel f\u00fcr den Speichenzug","rel":"","context":"\u00c4hnlicher Beitrag","block_context":{"text":"\u00c4hnlicher Beitrag","link":""},"img":{"alt_text":"","src":"https:\/\/i0.wp.com\/www.solexbiene.ch\/wp-content\/uploads\/2022\/12\/Dekohebel-3800.jpg?fit=771%2C1028&ssl=1&resize=350%2C200","width":350,"height":200,"srcset":"https:\/\/i0.wp.com\/www.solexbiene.ch\/wp-content\/uploads\/2022\/12\/Dekohebel-3800.jpg?fit=771%2C1028&ssl=1&resize=350%2C200 1x, https:\/\/i0.wp.com\/www.solexbiene.ch\/wp-content\/uploads\/2022\/12\/Dekohebel-3800.jpg?fit=771%2C1028&ssl=1&resize=525%2C300 1.5x, https:\/\/i0.wp.com\/www.solexbiene.ch\/wp-content\/uploads\/2022\/12\/Dekohebel-3800.jpg?fit=771%2C1028&ssl=1&resize=700%2C400 2x"},"classes":[]},{"id":1312,"url":"https:\/\/www.solexbiene.ch\/produkt\/hebel-vergaser\/","url_meta":{"origin":1431,"position":1},"title":"Hebel Vergaser","author":"Marco","date":"Dezember 29, 2022","format":false,"excerpt":"Hebel Vergaser f\u00fcr die Modelle 2200 V2, 3300, 3800 und 5000","rel":"","context":"\u00c4hnlicher Beitrag","block_context":{"text":"\u00c4hnlicher Beitrag","link":""},"img":{"alt_text":"","src":"https:\/\/i0.wp.com\/www.solexbiene.ch\/wp-content\/uploads\/2022\/12\/img_8153-scaled.jpeg?fit=1200%2C900&ssl=1&resize=350%2C200","width":350,"height":200,"srcset":"https:\/\/i0.wp.com\/www.solexbiene.ch\/wp-content\/uploads\/2022\/12\/img_8153-scaled.jpeg?fit=1200%2C900&ssl=1&resize=350%2C200 1x, https:\/\/i0.wp.com\/www.solexbiene.ch\/wp-content\/uploads\/2022\/12\/img_8153-scaled.jpeg?fit=1200%2C900&ssl=1&resize=525%2C300 1.5x, https:\/\/i0.wp.com\/www.solexbiene.ch\/wp-content\/uploads\/2022\/12\/img_8153-scaled.jpeg?fit=1200%2C900&ssl=1&resize=700%2C400 2x, https:\/\/i0.wp.com\/www.solexbiene.ch\/wp-content\/uploads\/2022\/12\/img_8153-scaled.jpeg?fit=1200%2C900&ssl=1&resize=1050%2C600 3x"},"classes":[]},{"id":732,"url":"https:\/\/www.solexbiene.ch\/produkt\/kaltstarthebel\/","url_meta":{"origin":1431,"position":2},"title":"Kaltstarthebel","author":"Michael Waehli","date":"Dezember 13, 2022","format":false,"excerpt":"","rel":"","context":"\u00c4hnlicher Beitrag","block_context":{"text":"\u00c4hnlicher Beitrag","link":""},"img":{"alt_text":"","src":"https:\/\/i0.wp.com\/www.solexbiene.ch\/wp-content\/uploads\/2022\/12\/Lufthebel-Vergaser.jpg?fit=771%2C1028&ssl=1&resize=350%2C200","width":350,"height":200,"srcset":"https:\/\/i0.wp.com\/www.solexbiene.ch\/wp-content\/uploads\/2022\/12\/Lufthebel-Vergaser.jpg?fit=771%2C1028&ssl=1&resize=350%2C200 1x, https:\/\/i0.wp.com\/www.solexbiene.ch\/wp-content\/uploads\/2022\/12\/Lufthebel-Vergaser.jpg?fit=771%2C1028&ssl=1&resize=525%2C300 1.5x, https:\/\/i0.wp.com\/www.solexbiene.ch\/wp-content\/uploads\/2022\/12\/Lufthebel-Vergaser.jpg?fit=771%2C1028&ssl=1&resize=700%2C400 2x"},"classes":[]},{"id":1215,"url":"https:\/\/www.solexbiene.ch\/produkt\/ventilheber-fuer-kabelzug\/","url_meta":{"origin":1431,"position":3},"title":"Ventilheber f\u00fcr Kabelzug","author":"Marco","date":"Dezember 25, 2022","format":false,"excerpt":"Ventilheber f\u00fcr Kabelzug","rel":"","context":"\u00c4hnlicher Beitrag","block_context":{"text":"\u00c4hnlicher Beitrag","link":""},"img":{"alt_text":"","src":"https:\/\/i0.wp.com\/www.solexbiene.ch\/wp-content\/uploads\/2022\/12\/Ventilheber-mit-Kabel.jpg?resize=350%2C200&ssl=1","width":350,"height":200,"srcset":"https:\/\/i0.wp.com\/www.solexbiene.ch\/wp-content\/uploads\/2022\/12\/Ventilheber-mit-Kabel.jpg?resize=350%2C200&ssl=1 1x, https:\/\/i0.wp.com\/www.solexbiene.ch\/wp-content\/uploads\/2022\/12\/Ventilheber-mit-Kabel.jpg?resize=525%2C300&ssl=1 1.5x, https:\/\/i0.wp.com\/www.solexbiene.ch\/wp-content\/uploads\/2022\/12\/Ventilheber-mit-Kabel.jpg?resize=700%2C400&ssl=1 2x"},"classes":[]},{"id":1493,"url":"https:\/\/www.solexbiene.ch\/produkt\/kabelsatz-schwarz-lenker-hoch\/","url_meta":{"origin":1431,"position":4},"title":"Kabelsatz schwarz Lenker hoch","author":"Marco","date":"Januar 11, 2023","format":false,"excerpt":"kompletter Kabelsatz schwarz f\u00fcr den hohen Lenker Bremsenvorne Bremsen hinten Gaskabel Dekokabel","rel":"","context":"\u00c4hnlicher Beitrag","block_context":{"text":"\u00c4hnlicher Beitrag","link":""},"img":{"alt_text":"","src":"https:\/\/i0.wp.com\/www.solexbiene.ch\/wp-content\/uploads\/2022\/12\/Kabelsatz-Lenker-hoch-scaled.jpg?fit=900%2C1200&ssl=1&resize=350%2C200","width":350,"height":200,"srcset":"https:\/\/i0.wp.com\/www.solexbiene.ch\/wp-content\/uploads\/2022\/12\/Kabelsatz-Lenker-hoch-scaled.jpg?fit=900%2C1200&ssl=1&resize=350%2C200 1x, https:\/\/i0.wp.com\/www.solexbiene.ch\/wp-content\/uploads\/2022\/12\/Kabelsatz-Lenker-hoch-scaled.jpg?fit=900%2C1200&ssl=1&resize=525%2C300 1.5x, https:\/\/i0.wp.com\/www.solexbiene.ch\/wp-content\/uploads\/2022\/12\/Kabelsatz-Lenker-hoch-scaled.jpg?fit=900%2C1200&ssl=1&resize=700%2C400 2x"},"classes":[]},{"id":1867,"url":"https:\/\/www.solexbiene.ch\/produkt\/kabelsatz-grau-hoher-lenker-3800\/","url_meta":{"origin":1431,"position":5},"title":"Kabelsatz grau hoher Lenker 3800","author":"Michael Waehli","date":"Juni 15, 2023","format":false,"excerpt":"kompletter Kabelsatz grau f\u00fcr den hohen Lenker 3800 Bremsenvorne Bremsen hinten Gaskabel Dekokabel","rel":"","context":"Mit 1 Kommentar","block_context":{"text":"Mit 1 Kommentar","link":"https:\/\/www.solexbiene.ch\/produkt\/kabelsatz-grau-hoher-lenker-3800\/#comments"},"img":{"alt_text":"","src":"https:\/\/i0.wp.com\/www.solexbiene.ch\/wp-content\/uploads\/2023\/06\/img_6595-scaled.jpeg?fit=900%2C1200&ssl=1&resize=350%2C200","width":350,"height":200,"srcset":"https:\/\/i0.wp.com\/www.solexbiene.ch\/wp-content\/uploads\/2023\/06\/img_6595-scaled.jpeg?fit=900%2C1200&ssl=1&resize=350%2C200 1x, https:\/\/i0.wp.com\/www.solexbiene.ch\/wp-content\/uploads\/2023\/06\/img_6595-scaled.jpeg?fit=900%2C1200&ssl=1&resize=525%2C300 1.5x, https:\/\/i0.wp.com\/www.solexbiene.ch\/wp-content\/uploads\/2023\/06\/img_6595-scaled.jpeg?fit=900%2C1200&ssl=1&resize=700%2C400 2x"},"classes":[]}],"jetpack_sharing_enabled":true,"_links":{"self":[{"href":"https:\/\/www.solexbiene.ch\/wp-json\/wp\/v2\/product\/1431","targetHints":{"allow":["GET"]}}],"collection":[{"href":"https:\/\/www.solexbiene.ch\/wp-json\/wp\/v2\/product"}],"about":[{"href":"https:\/\/www.solexbiene.ch\/wp-json\/wp\/v2\/types\/product"}],"replies":[{"embeddable":true,"href":"https:\/\/www.solexbiene.ch\/wp-json\/wp\/v2\/comments?post=1431"}],"wp:featuredmedia":[{"embeddable":true,"href":"https:\/\/www.solexbiene.ch\/wp-json\/wp\/v2\/media\/1424"}],"wp:attachment":[{"href":"https:\/\/www.solexbiene.ch\/wp-json\/wp\/v2\/media?parent=1431"}],"wp:term":[{"taxonomy":"product_brand","embeddable":true,"href":"https:\/\/www.solexbiene.ch\/wp-json\/wp\/v2\/product_brand?post=1431"},{"taxonomy":"product_cat","embeddable":true,"href":"https:\/\/www.solexbiene.ch\/wp-json\/wp\/v2\/product_cat?post=1431"},{"taxonomy":"product_tag","embeddable":true,"href":"https:\/\/www.solexbiene.ch\/wp-json\/wp\/v2\/product_tag?post=1431"}],"curies":[{"name":"wp","href":"https:\/\/api.w.org\/{rel}","templated":true}]}}