{"id":1535,"date":"2023-01-17T18:29:55","date_gmt":"2023-01-17T18:29:55","guid":{"rendered":"https:\/\/www.solexbiene.ch\/?post_type=product&#038;p=1535"},"modified":"2025-09-01T15:39:56","modified_gmt":"2025-09-01T15:39:56","slug":"rennzylinderkopf-set","status":"publish","type":"product","link":"https:\/\/www.solexbiene.ch\/produkt\/rennzylinderkopf-set\/","title":{"rendered":"Rennzylinderkopf Set"},"content":{"rendered":"","protected":false},"excerpt":{"rendered":"<p>Der Brennraum ist nach unten korrigiert, um an Drehmoment und damit an Leistung zu gewinnen, dadurch ist die Z\u00fcndkerze k\u00fcrzer, um den Kolben nicht zu ber\u00fchren.<\/p>\n<p>Das Ventil nimmt eine geneigte Position ein und der Dekompressions- und Hebehebel ist spezifisch und wird mit dem Kit verkauft.<\/p>\n<p>Dieses Set ist auf dem Solex 2200V2, 3300, 3800 montierbar<\/p>\n","protected":false},"featured_media":1532,"comment_status":"open","ping_status":"closed","template":"","meta":[],"product_brand":[],"product_cat":[44],"product_tag":[],"class_list":{"0":"post-1535","1":"product","2":"type-product","3":"status-publish","4":"has-post-thumbnail","6":"product_cat-tuning","8":"first","9":"instock","10":"shipping-taxable","11":"purchasable","12":"product-type-simple"},"blog_post_layout_featured_media_urls":{"thumbnail":["https:\/\/i0.wp.com\/www.solexbiene.ch\/wp-content\/uploads\/2023\/01\/Rennkopf-Set-1-scaled.jpg?resize=150%2C150&ssl=1",150,150,true],"full":["https:\/\/i0.wp.com\/www.solexbiene.ch\/wp-content\/uploads\/2023\/01\/Rennkopf-Set-1-scaled.jpg?fit=1920%2C2560&ssl=1",1920,2560,false]},"categories":null,"categories_names":null,"comments_number":"0","jetpack-related-posts":[{"id":1007,"url":"https:\/\/www.solexbiene.ch\/produkt\/deko-set\/","url_meta":{"origin":1535,"position":0},"title":"Deko Set","author":"Michael Waehli","date":"Dezember 15, 2022","format":false,"excerpt":"Deko Set f\u00fcr das Solex mit Speichenzug","rel":"","context":"\u00c4hnlicher Beitrag","block_context":{"text":"\u00c4hnlicher Beitrag","link":""},"img":{"alt_text":"","src":"https:\/\/i0.wp.com\/www.solexbiene.ch\/wp-content\/uploads\/2022\/12\/Dekosatz.jpg?fit=771%2C1028&ssl=1&resize=350%2C200","width":350,"height":200,"srcset":"https:\/\/i0.wp.com\/www.solexbiene.ch\/wp-content\/uploads\/2022\/12\/Dekosatz.jpg?fit=771%2C1028&ssl=1&resize=350%2C200 1x, https:\/\/i0.wp.com\/www.solexbiene.ch\/wp-content\/uploads\/2022\/12\/Dekosatz.jpg?fit=771%2C1028&ssl=1&resize=525%2C300 1.5x, https:\/\/i0.wp.com\/www.solexbiene.ch\/wp-content\/uploads\/2022\/12\/Dekosatz.jpg?fit=771%2C1028&ssl=1&resize=700%2C400 2x"},"classes":[]},{"id":1534,"url":"https:\/\/www.solexbiene.ch\/produkt\/pleuelbuechsen-set\/","url_meta":{"origin":1535,"position":1},"title":"Pleuelb\u00fcchsen Set","author":"Marco","date":"Januar 17, 2023","format":false,"excerpt":"Set besteht aus der B\u00fcchse, geh\u00e4rtete Scheibe und die Mutter M10 x 1","rel":"","context":"\u00c4hnlicher Beitrag","block_context":{"text":"\u00c4hnlicher Beitrag","link":""},"img":{"alt_text":"","src":"https:\/\/i0.wp.com\/www.solexbiene.ch\/wp-content\/uploads\/2023\/01\/Pleuelhuelse-scaled.jpg?fit=900%2C1200&ssl=1&resize=350%2C200","width":350,"height":200,"srcset":"https:\/\/i0.wp.com\/www.solexbiene.ch\/wp-content\/uploads\/2023\/01\/Pleuelhuelse-scaled.jpg?fit=900%2C1200&ssl=1&resize=350%2C200 1x, https:\/\/i0.wp.com\/www.solexbiene.ch\/wp-content\/uploads\/2023\/01\/Pleuelhuelse-scaled.jpg?fit=900%2C1200&ssl=1&resize=525%2C300 1.5x, https:\/\/i0.wp.com\/www.solexbiene.ch\/wp-content\/uploads\/2023\/01\/Pleuelhuelse-scaled.jpg?fit=900%2C1200&ssl=1&resize=700%2C400 2x"},"classes":[]},{"id":1111,"url":"https:\/\/www.solexbiene.ch\/produkt\/schrauben-set-3800\/","url_meta":{"origin":1535,"position":2},"title":"Schrauben Set 3800","author":"Marco","date":"Dezember 19, 2022","format":false,"excerpt":"Schrauben Set f\u00fcr die Solex 3800","rel":"","context":"Mit 1 Kommentar","block_context":{"text":"Mit 1 Kommentar","link":"https:\/\/www.solexbiene.ch\/produkt\/schrauben-set-3800\/#comments"},"img":{"alt_text":"","src":"https:\/\/i0.wp.com\/www.solexbiene.ch\/wp-content\/uploads\/2022\/12\/Schraubenset-3800-e1672771240893.jpg?fit=480%2C640&ssl=1&resize=350%2C200","width":350,"height":200},"classes":[]},{"id":1227,"url":"https:\/\/www.solexbiene.ch\/produkt\/kleber-set-kindersolex-f4\/","url_meta":{"origin":1535,"position":3},"title":"Kleber Set Kindersolex F4","author":"Marco","date":"Dezember 25, 2022","format":false,"excerpt":"Kleber Set Kindersolex F4","rel":"","context":"\u00c4hnlicher Beitrag","block_context":{"text":"\u00c4hnlicher Beitrag","link":""},"img":{"alt_text":"","src":"https:\/\/i0.wp.com\/www.solexbiene.ch\/wp-content\/uploads\/2022\/12\/Kleber-Set-F4.jpg?fit=771%2C1028&ssl=1&resize=350%2C200","width":350,"height":200,"srcset":"https:\/\/i0.wp.com\/www.solexbiene.ch\/wp-content\/uploads\/2022\/12\/Kleber-Set-F4.jpg?fit=771%2C1028&ssl=1&resize=350%2C200 1x, https:\/\/i0.wp.com\/www.solexbiene.ch\/wp-content\/uploads\/2022\/12\/Kleber-Set-F4.jpg?fit=771%2C1028&ssl=1&resize=525%2C300 1.5x, https:\/\/i0.wp.com\/www.solexbiene.ch\/wp-content\/uploads\/2022\/12\/Kleber-Set-F4.jpg?fit=771%2C1028&ssl=1&resize=700%2C400 2x"},"classes":[]},{"id":1042,"url":"https:\/\/www.solexbiene.ch\/produkt\/streben-set-vorne\/","url_meta":{"origin":1535,"position":4},"title":"Streben Set vorne","author":"Marco","date":"Dezember 17, 2022","format":false,"excerpt":"","rel":"","context":"\u00c4hnlicher Beitrag","block_context":{"text":"\u00c4hnlicher Beitrag","link":""},"img":{"alt_text":"","src":"https:\/\/i0.wp.com\/www.solexbiene.ch\/wp-content\/uploads\/2022\/12\/Streben-Set-vorne.jpg?fit=771%2C1028&ssl=1&resize=350%2C200","width":350,"height":200,"srcset":"https:\/\/i0.wp.com\/www.solexbiene.ch\/wp-content\/uploads\/2022\/12\/Streben-Set-vorne.jpg?fit=771%2C1028&ssl=1&resize=350%2C200 1x, https:\/\/i0.wp.com\/www.solexbiene.ch\/wp-content\/uploads\/2022\/12\/Streben-Set-vorne.jpg?fit=771%2C1028&ssl=1&resize=525%2C300 1.5x, https:\/\/i0.wp.com\/www.solexbiene.ch\/wp-content\/uploads\/2022\/12\/Streben-Set-vorne.jpg?fit=771%2C1028&ssl=1&resize=700%2C400 2x"},"classes":[]},{"id":1179,"url":"https:\/\/www.solexbiene.ch\/produkt\/kleber-set-motobecane\/","url_meta":{"origin":1535,"position":5},"title":"Kleber Set Motobecane","author":"Marco","date":"Dezember 25, 2022","format":false,"excerpt":"Kl","rel":"","context":"\u00c4hnlicher Beitrag","block_context":{"text":"\u00c4hnlicher Beitrag","link":""},"img":{"alt_text":"","src":"https:\/\/i0.wp.com\/www.solexbiene.ch\/wp-content\/uploads\/2022\/12\/Kleber-Motobecane-rotated.jpg?fit=480%2C640&ssl=1&resize=350%2C200","width":350,"height":200},"classes":[]}],"jetpack_sharing_enabled":true,"_links":{"self":[{"href":"https:\/\/www.solexbiene.ch\/wp-json\/wp\/v2\/product\/1535","targetHints":{"allow":["GET"]}}],"collection":[{"href":"https:\/\/www.solexbiene.ch\/wp-json\/wp\/v2\/product"}],"about":[{"href":"https:\/\/www.solexbiene.ch\/wp-json\/wp\/v2\/types\/product"}],"replies":[{"embeddable":true,"href":"https:\/\/www.solexbiene.ch\/wp-json\/wp\/v2\/comments?post=1535"}],"wp:featuredmedia":[{"embeddable":true,"href":"https:\/\/www.solexbiene.ch\/wp-json\/wp\/v2\/media\/1532"}],"wp:attachment":[{"href":"https:\/\/www.solexbiene.ch\/wp-json\/wp\/v2\/media?parent=1535"}],"wp:term":[{"taxonomy":"product_brand","embeddable":true,"href":"https:\/\/www.solexbiene.ch\/wp-json\/wp\/v2\/product_brand?post=1535"},{"taxonomy":"product_cat","embeddable":true,"href":"https:\/\/www.solexbiene.ch\/wp-json\/wp\/v2\/product_cat?post=1535"},{"taxonomy":"product_tag","embeddable":true,"href":"https:\/\/www.solexbiene.ch\/wp-json\/wp\/v2\/product_tag?post=1535"}],"curies":[{"name":"wp","href":"https:\/\/api.w.org\/{rel}","templated":true}]}}