{"id":916,"date":"2022-12-14T20:22:10","date_gmt":"2022-12-14T20:22:10","guid":{"rendered":"https:\/\/www.solexbiene.ch\/?product=vergaserblech"},"modified":"2026-04-02T19:12:39","modified_gmt":"2026-04-02T19:12:39","slug":"vergaserblech","status":"publish","type":"product","link":"https:\/\/www.solexbiene.ch\/produkt\/vergaserblech\/","title":{"rendered":"Vergaserblech"},"content":{"rendered":"","protected":false},"excerpt":{"rendered":"","protected":false},"featured_media":901,"comment_status":"open","ping_status":"closed","template":"","meta":[],"product_brand":[],"product_cat":[40],"product_tag":[],"class_list":{"0":"post-916","1":"product","2":"type-product","3":"status-publish","4":"has-post-thumbnail","6":"product_cat-rahmen","8":"first","9":"instock","10":"shipping-taxable","11":"purchasable","12":"product-type-simple"},"blog_post_layout_featured_media_urls":{"thumbnail":["https:\/\/i0.wp.com\/www.solexbiene.ch\/wp-content\/uploads\/2022\/12\/Vergaserblech.jpg?resize=150%2C150&ssl=1",150,150,true],"full":["https:\/\/i0.wp.com\/www.solexbiene.ch\/wp-content\/uploads\/2022\/12\/Vergaserblech.jpg?fit=771%2C1028&ssl=1",771,1028,false]},"categories":null,"categories_names":null,"comments_number":"0","jetpack-related-posts":[{"id":1304,"url":"https:\/\/www.solexbiene.ch\/produkt\/vergaserdeckel\/","url_meta":{"origin":916,"position":0},"title":"Vergaserdeckel","author":"Marco","date":"Dezember 29, 2022","format":false,"excerpt":"Vergaserdeckel","rel":"","context":"\u00c4hnlicher Beitrag","block_context":{"text":"\u00c4hnlicher Beitrag","link":""},"img":{"alt_text":"","src":"https:\/\/i0.wp.com\/www.solexbiene.ch\/wp-content\/uploads\/2022\/12\/Vergaserdeckel-1-scaled.jpg?fit=900%2C1200&ssl=1&resize=350%2C200","width":350,"height":200,"srcset":"https:\/\/i0.wp.com\/www.solexbiene.ch\/wp-content\/uploads\/2022\/12\/Vergaserdeckel-1-scaled.jpg?fit=900%2C1200&ssl=1&resize=350%2C200 1x, https:\/\/i0.wp.com\/www.solexbiene.ch\/wp-content\/uploads\/2022\/12\/Vergaserdeckel-1-scaled.jpg?fit=900%2C1200&ssl=1&resize=525%2C300 1.5x, https:\/\/i0.wp.com\/www.solexbiene.ch\/wp-content\/uploads\/2022\/12\/Vergaserdeckel-1-scaled.jpg?fit=900%2C1200&ssl=1&resize=700%2C400 2x"},"classes":[]},{"id":1312,"url":"https:\/\/www.solexbiene.ch\/produkt\/hebel-vergaser\/","url_meta":{"origin":916,"position":1},"title":"Hebel Vergaser","author":"Marco","date":"Dezember 29, 2022","format":false,"excerpt":"Hebel Vergaser f\u00fcr die Modelle 2200 V2, 3300, 3800 und 5000","rel":"","context":"\u00c4hnlicher Beitrag","block_context":{"text":"\u00c4hnlicher Beitrag","link":""},"img":{"alt_text":"","src":"https:\/\/i0.wp.com\/www.solexbiene.ch\/wp-content\/uploads\/2022\/12\/img_8153-scaled.jpeg?fit=1200%2C900&ssl=1&resize=350%2C200","width":350,"height":200,"srcset":"https:\/\/i0.wp.com\/www.solexbiene.ch\/wp-content\/uploads\/2022\/12\/img_8153-scaled.jpeg?fit=1200%2C900&ssl=1&resize=350%2C200 1x, https:\/\/i0.wp.com\/www.solexbiene.ch\/wp-content\/uploads\/2022\/12\/img_8153-scaled.jpeg?fit=1200%2C900&ssl=1&resize=525%2C300 1.5x, https:\/\/i0.wp.com\/www.solexbiene.ch\/wp-content\/uploads\/2022\/12\/img_8153-scaled.jpeg?fit=1200%2C900&ssl=1&resize=700%2C400 2x, https:\/\/i0.wp.com\/www.solexbiene.ch\/wp-content\/uploads\/2022\/12\/img_8153-scaled.jpeg?fit=1200%2C900&ssl=1&resize=1050%2C600 3x"},"classes":[]},{"id":989,"url":"https:\/\/www.solexbiene.ch\/produkt\/vergaserfeder\/","url_meta":{"origin":916,"position":2},"title":"Vergaserfeder","author":"Marco","date":"Dezember 15, 2022","format":false,"excerpt":"","rel":"","context":"\u00c4hnlicher Beitrag","block_context":{"text":"\u00c4hnlicher Beitrag","link":""},"img":{"alt_text":"","src":"https:\/\/i0.wp.com\/www.solexbiene.ch\/wp-content\/uploads\/2022\/12\/Vergaserfeder.jpg?fit=771%2C1028&ssl=1&resize=350%2C200","width":350,"height":200,"srcset":"https:\/\/i0.wp.com\/www.solexbiene.ch\/wp-content\/uploads\/2022\/12\/Vergaserfeder.jpg?fit=771%2C1028&ssl=1&resize=350%2C200 1x, https:\/\/i0.wp.com\/www.solexbiene.ch\/wp-content\/uploads\/2022\/12\/Vergaserfeder.jpg?fit=771%2C1028&ssl=1&resize=525%2C300 1.5x, https:\/\/i0.wp.com\/www.solexbiene.ch\/wp-content\/uploads\/2022\/12\/Vergaserfeder.jpg?fit=771%2C1028&ssl=1&resize=700%2C400 2x"},"classes":[]},{"id":729,"url":"https:\/\/www.solexbiene.ch\/produkt\/vergaserschraube\/","url_meta":{"origin":916,"position":3},"title":"Vergaserschraube","author":"Michael Waehli","date":"Dezember 13, 2022","format":false,"excerpt":"SW 9","rel":"","context":"\u00c4hnlicher Beitrag","block_context":{"text":"\u00c4hnlicher Beitrag","link":""},"img":{"alt_text":"","src":"https:\/\/i0.wp.com\/www.solexbiene.ch\/wp-content\/uploads\/2022\/12\/Schraube-Vergaser.jpg?fit=771%2C1028&ssl=1&resize=350%2C200","width":350,"height":200,"srcset":"https:\/\/i0.wp.com\/www.solexbiene.ch\/wp-content\/uploads\/2022\/12\/Schraube-Vergaser.jpg?fit=771%2C1028&ssl=1&resize=350%2C200 1x, https:\/\/i0.wp.com\/www.solexbiene.ch\/wp-content\/uploads\/2022\/12\/Schraube-Vergaser.jpg?fit=771%2C1028&ssl=1&resize=525%2C300 1.5x, https:\/\/i0.wp.com\/www.solexbiene.ch\/wp-content\/uploads\/2022\/12\/Schraube-Vergaser.jpg?fit=771%2C1028&ssl=1&resize=700%2C400 2x"},"classes":[]},{"id":723,"url":"https:\/\/www.solexbiene.ch\/produkt\/vergaserfilter\/","url_meta":{"origin":916,"position":4},"title":"Vergaserfilter","author":"Michael Waehli","date":"Dezember 13, 2022","format":false,"excerpt":"","rel":"","context":"Mit 1 Kommentar","block_context":{"text":"Mit 1 Kommentar","link":"https:\/\/www.solexbiene.ch\/produkt\/vergaserfilter\/#comments"},"img":{"alt_text":"","src":"https:\/\/i0.wp.com\/www.solexbiene.ch\/wp-content\/uploads\/2022\/12\/Vergaserfilter.jpg?fit=771%2C1028&ssl=1&resize=350%2C200","width":350,"height":200,"srcset":"https:\/\/i0.wp.com\/www.solexbiene.ch\/wp-content\/uploads\/2022\/12\/Vergaserfilter.jpg?fit=771%2C1028&ssl=1&resize=350%2C200 1x, https:\/\/i0.wp.com\/www.solexbiene.ch\/wp-content\/uploads\/2022\/12\/Vergaserfilter.jpg?fit=771%2C1028&ssl=1&resize=525%2C300 1.5x, https:\/\/i0.wp.com\/www.solexbiene.ch\/wp-content\/uploads\/2022\/12\/Vergaserfilter.jpg?fit=771%2C1028&ssl=1&resize=700%2C400 2x"},"classes":[]},{"id":917,"url":"https:\/\/www.solexbiene.ch\/produkt\/vergaser-gasbefestigung\/","url_meta":{"origin":916,"position":5},"title":"Vergaser Gasbefestigung","author":"Michael Waehli","date":"Dezember 14, 2022","format":false,"excerpt":"","rel":"","context":"\u00c4hnlicher Beitrag","block_context":{"text":"\u00c4hnlicher Beitrag","link":""},"img":{"alt_text":"","src":"https:\/\/i0.wp.com\/www.solexbiene.ch\/wp-content\/uploads\/2022\/12\/Vergaser-Gasbefestigung.jpg?fit=771%2C1028&ssl=1&resize=350%2C200","width":350,"height":200,"srcset":"https:\/\/i0.wp.com\/www.solexbiene.ch\/wp-content\/uploads\/2022\/12\/Vergaser-Gasbefestigung.jpg?fit=771%2C1028&ssl=1&resize=350%2C200 1x, https:\/\/i0.wp.com\/www.solexbiene.ch\/wp-content\/uploads\/2022\/12\/Vergaser-Gasbefestigung.jpg?fit=771%2C1028&ssl=1&resize=525%2C300 1.5x, https:\/\/i0.wp.com\/www.solexbiene.ch\/wp-content\/uploads\/2022\/12\/Vergaser-Gasbefestigung.jpg?fit=771%2C1028&ssl=1&resize=700%2C400 2x"},"classes":[]}],"jetpack_sharing_enabled":true,"_links":{"self":[{"href":"https:\/\/www.solexbiene.ch\/wp-json\/wp\/v2\/product\/916","targetHints":{"allow":["GET"]}}],"collection":[{"href":"https:\/\/www.solexbiene.ch\/wp-json\/wp\/v2\/product"}],"about":[{"href":"https:\/\/www.solexbiene.ch\/wp-json\/wp\/v2\/types\/product"}],"replies":[{"embeddable":true,"href":"https:\/\/www.solexbiene.ch\/wp-json\/wp\/v2\/comments?post=916"}],"wp:featuredmedia":[{"embeddable":true,"href":"https:\/\/www.solexbiene.ch\/wp-json\/wp\/v2\/media\/901"}],"wp:attachment":[{"href":"https:\/\/www.solexbiene.ch\/wp-json\/wp\/v2\/media?parent=916"}],"wp:term":[{"taxonomy":"product_brand","embeddable":true,"href":"https:\/\/www.solexbiene.ch\/wp-json\/wp\/v2\/product_brand?post=916"},{"taxonomy":"product_cat","embeddable":true,"href":"https:\/\/www.solexbiene.ch\/wp-json\/wp\/v2\/product_cat?post=916"},{"taxonomy":"product_tag","embeddable":true,"href":"https:\/\/www.solexbiene.ch\/wp-json\/wp\/v2\/product_tag?post=916"}],"curies":[{"name":"wp","href":"https:\/\/api.w.org\/{rel}","templated":true}]}}